{"id":16210,"date":"2020-05-07T05:41:31","date_gmt":"2020-05-07T05:41:31","guid":{"rendered":"https:\/\/clientesdemo.cl\/innovacd\/?page_id=16210"},"modified":"2025-05-27T12:15:53","modified_gmt":"2025-05-27T16:15:53","slug":"blog","status":"publish","type":"page","link":"https:\/\/clientesdemo.cl\/innovacd\/blog\/","title":{"rendered":"BLOG-PT"},"content":{"rendered":"\t\t<div data-elementor-type=\"wp-page\" data-elementor-id=\"16210\" class=\"elementor elementor-16210\" data-elementor-post-type=\"page\">\n\t\t\t\t\t\t<section class=\"elementor-section elementor-top-section elementor-element elementor-element-853d502 elementor-section-boxed elementor-section-height-default elementor-section-height-default\" data-id=\"853d502\" data-element_type=\"section\">\n\t\t\t\t\t\t<div class=\"elementor-container elementor-column-gap-default\">\n\t\t\t\t\t<div class=\"elementor-column elementor-col-100 elementor-top-column elementor-element elementor-element-3340626\" data-id=\"3340626\" data-element_type=\"column\">\n\t\t\t<div class=\"elementor-widget-wrap elementor-element-populated\">\n\t\t\t\t\t\t<div class=\"elementor-element elementor-element-bfa3c41 elementor-widget elementor-widget-rsblog\" data-id=\"bfa3c41\" data-element_type=\"widget\" data-widget_type=\"rsblog.default\">\n\t\t\t\t<div class=\"elementor-widget-container\">\n\t\t\t\t\t\t\t\t<div class=\"rs-blog-grid blog-grid\">\r\n\t\t\t\t<div class=\"row\">\r\n\t\t\t\t \t\t\t\t\t\t\t\r\n\t\t\t\t\t\t<div class=\"col-lg-12 col-md-6 col-xs-1\">\r\n\t\t\t\t\t\t\t<div class=\"blog-item default blog_meta_style1\">\r\n\t\t\t\t\t\t\t\t<div class=\"blog-inner-wrap \">\r\n\t\t\t\t\t\t\t\t\t<div class=\"image-wrap\">\r\n                                            \t\t\t\t\t\t\t\t\t\t<a class=\"pointer-events\" href=\"https:\/\/clientesdemo.cl\/innovacd\/marco-para-la-innovacion-el-doble-diamante-3\/\">\r\n    \t\t\t\t\t\t\t\t\t\t\t<img fetchpriority=\"high\" decoding=\"async\" width=\"887\" height=\"440\" src=\"https:\/\/clientesdemo.cl\/innovacd\/wp-content\/uploads\/2021\/09\/Marco-para-la-Innovacion.-El-doble-diamante.jpg\" class=\"attachment-post-thumbnail size-post-thumbnail wp-post-image\" alt=\"\" srcset=\"https:\/\/clientesdemo.cl\/innovacd\/wp-content\/uploads\/2021\/09\/Marco-para-la-Innovacion.-El-doble-diamante.jpg 887w, https:\/\/clientesdemo.cl\/innovacd\/wp-content\/uploads\/2021\/09\/Marco-para-la-Innovacion.-El-doble-diamante-300x149.jpg 300w, https:\/\/clientesdemo.cl\/innovacd\/wp-content\/uploads\/2021\/09\/Marco-para-la-Innovacion.-El-doble-diamante-768x381.jpg 768w, https:\/\/clientesdemo.cl\/innovacd\/wp-content\/uploads\/2021\/09\/Marco-para-la-Innovacion.-El-doble-diamante-600x298.jpg 600w\" sizes=\"(max-width: 887px) 100vw, 887px\" \/>    \t\t\t\t\t\t\t\t\t\t<\/a> \r\n                                        \t\t\t\t\t\t\t\t\t\t \r\n\r\n\t\t\t\t\t\t\t\t\t\t\r\n\t\t\t\t\t\t\t\t\t\t\t\t\t\t\t\t\t\t\t\t\t\t\r\n\t\t\t\t\t\t\t\t\t\t\t\r\n\t\t\t\t\t\t\t\t\t<\/div>\t\r\n\t\t\t\t\t\t\t\t\t<div class=\"blog-content\">\r\n\r\n\t\t\t\t\t\t\t\t\t\t\t\t\t\t\t\t\t\t\t\t\t\t\t\t\t\t\t\t\t\t\t\t<div class=\"blog-meta\">\r\n\r\n\t\t\t\t\t\t\t\t\t\t\t\t\t\t\t\t\t\t\t\t\t\t\t\t<span class=\"date\"><i class=\"fa fa-calendar\"><\/i> Septiembre 12, 2021<\/span>\r\n\t\t\t\t\t\t\t\t\t\t\t\t\r\n\t\t\t\t\t\t\t\t\t\t\t\t\t\t\t\t\t\t\t\t\t\t\t\t<span class=\"admin\"><i class=\"fa fa-user\"><\/i> Innovacd<\/span>\r\n\t\t\t\t\t\t\t\t\t\t\t\t\r\n\t\t\t\t\t\t\t\t\t\t\t<\/div>\r\n\t\t\t\t\t\t\t\t\t\t\r\n\t\t\t\t\t\t\t\t\t  \t<h3 class=\"blog-name\"><a class=\"pointer-events\" href=\"https:\/\/clientesdemo.cl\/innovacd\/marco-para-la-innovacion-el-doble-diamante-3\/\">Marco para la Innovaci\u00f3n. El doble diamante<\/a><\/h3>\r\n\r\n\t\t\t\t\t\t\t\t\t  \t\t\t\t\t\t\t\t\t\t  \t\t<p>Desarrollado y popularizado por el British Design Council, el marco de doble diamante existe desde 2004. Este marco para la...<\/p>\r\n\t\t\t\t\t\t\t\t\t\t\r\n\t\t\t\t\t\t\t\t\t\t                                                                                            <div class=\"blog-btn-part\">\r\n                                                                                                            <a class=\"blog-btn icon-after\" href=\"https:\/\/clientesdemo.cl\/innovacd\/marco-para-la-innovacion-el-doble-diamante-3\/\">\r\n                                                            <span class=\"btn-txt\">Read More<\/span>\r\n                                                                                                                            <i class=\"fa fa fa-angle-right\"><\/i>\r\n                                                                                                                    <\/a>\r\n\r\n                                                <\/div>\r\n                                          \r\n\r\n\t\t\t\t\t\t\t\t\t<\/div>\r\n\t\t\t\t\t\t  \t\t<\/div>\r\n\t\t\t\t\t  \t\t<\/div>\r\n\t\t\t\t\t\t<\/div>\r\n\t\t\t\t\t\t\t\t\t\t\t\t\r\n\t\t\t\t\t\t<div class=\"col-lg-12 col-md-6 col-xs-1\">\r\n\t\t\t\t\t\t\t<div class=\"blog-item default blog_meta_style1\">\r\n\t\t\t\t\t\t\t\t<div class=\"blog-inner-wrap \">\r\n\t\t\t\t\t\t\t\t\t<div class=\"image-wrap\">\r\n                                            \t\t\t\t\t\t\t\t\t\t<a class=\"pointer-events\" href=\"https:\/\/clientesdemo.cl\/innovacd\/marco-para-la-innovacion-el-doble-diamante-2\/\">\r\n    \t\t\t\t\t\t\t\t\t\t\t<img fetchpriority=\"high\" decoding=\"async\" width=\"887\" height=\"440\" src=\"https:\/\/clientesdemo.cl\/innovacd\/wp-content\/uploads\/2021\/09\/Marco-para-la-Innovacion.-El-doble-diamante.jpg\" class=\"attachment-post-thumbnail size-post-thumbnail wp-post-image\" alt=\"\" srcset=\"https:\/\/clientesdemo.cl\/innovacd\/wp-content\/uploads\/2021\/09\/Marco-para-la-Innovacion.-El-doble-diamante.jpg 887w, https:\/\/clientesdemo.cl\/innovacd\/wp-content\/uploads\/2021\/09\/Marco-para-la-Innovacion.-El-doble-diamante-300x149.jpg 300w, https:\/\/clientesdemo.cl\/innovacd\/wp-content\/uploads\/2021\/09\/Marco-para-la-Innovacion.-El-doble-diamante-768x381.jpg 768w, https:\/\/clientesdemo.cl\/innovacd\/wp-content\/uploads\/2021\/09\/Marco-para-la-Innovacion.-El-doble-diamante-600x298.jpg 600w\" sizes=\"(max-width: 887px) 100vw, 887px\" \/>    \t\t\t\t\t\t\t\t\t\t<\/a> \r\n                                        \t\t\t\t\t\t\t\t\t\t \r\n\r\n\t\t\t\t\t\t\t\t\t\t\r\n\t\t\t\t\t\t\t\t\t\t\t\t\t\t\t\t\t\t\t\t\t\t\r\n\t\t\t\t\t\t\t\t\t\t\t\r\n\t\t\t\t\t\t\t\t\t<\/div>\t\r\n\t\t\t\t\t\t\t\t\t<div class=\"blog-content\">\r\n\r\n\t\t\t\t\t\t\t\t\t\t\t\t\t\t\t\t\t\t\t\t\t\t\t\t\t\t\t\t\t\t\t\t<div class=\"blog-meta\">\r\n\r\n\t\t\t\t\t\t\t\t\t\t\t\t\t\t\t\t\t\t\t\t\t\t\t\t<span class=\"date\"><i class=\"fa fa-calendar\"><\/i> Septiembre 12, 2021<\/span>\r\n\t\t\t\t\t\t\t\t\t\t\t\t\r\n\t\t\t\t\t\t\t\t\t\t\t\t\t\t\t\t\t\t\t\t\t\t\t\t<span class=\"admin\"><i class=\"fa fa-user\"><\/i> Innovacd<\/span>\r\n\t\t\t\t\t\t\t\t\t\t\t\t\r\n\t\t\t\t\t\t\t\t\t\t\t<\/div>\r\n\t\t\t\t\t\t\t\t\t\t\r\n\t\t\t\t\t\t\t\t\t  \t<h3 class=\"blog-name\"><a class=\"pointer-events\" href=\"https:\/\/clientesdemo.cl\/innovacd\/marco-para-la-innovacion-el-doble-diamante-2\/\">Marco para la Innovaci\u00f3n. El doble diamante<\/a><\/h3>\r\n\r\n\t\t\t\t\t\t\t\t\t  \t\t\t\t\t\t\t\t\t\t  \t\t<p>Desarrollado y popularizado por el British Design Council, el marco de doble diamante existe desde 2004. Este marco para la...<\/p>\r\n\t\t\t\t\t\t\t\t\t\t\r\n\t\t\t\t\t\t\t\t\t\t                                                                                            <div class=\"blog-btn-part\">\r\n                                                                                                            <a class=\"blog-btn icon-after\" href=\"https:\/\/clientesdemo.cl\/innovacd\/marco-para-la-innovacion-el-doble-diamante-2\/\">\r\n                                                            <span class=\"btn-txt\">Read More<\/span>\r\n                                                                                                                            <i class=\"fa fa fa-angle-right\"><\/i>\r\n                                                                                                                    <\/a>\r\n\r\n                                                <\/div>\r\n                                          \r\n\r\n\t\t\t\t\t\t\t\t\t<\/div>\r\n\t\t\t\t\t\t  \t\t<\/div>\r\n\t\t\t\t\t  \t\t<\/div>\r\n\t\t\t\t\t\t<\/div>\r\n\t\t\t\t\t\t\t\t\t\t\t\t\r\n\t\t\t\t\t\t<div class=\"col-lg-12 col-md-6 col-xs-1\">\r\n\t\t\t\t\t\t\t<div class=\"blog-item default blog_meta_style1\">\r\n\t\t\t\t\t\t\t\t<div class=\"blog-inner-wrap \">\r\n\t\t\t\t\t\t\t\t\t<div class=\"image-wrap\">\r\n                                            \t\t\t\t\t\t\t\t\t\t<a class=\"pointer-events\" href=\"https:\/\/clientesdemo.cl\/innovacd\/marco-para-la-innovacion-el-doble-diamante\/\">\r\n    \t\t\t\t\t\t\t\t\t\t\t<img fetchpriority=\"high\" decoding=\"async\" width=\"887\" height=\"440\" src=\"https:\/\/clientesdemo.cl\/innovacd\/wp-content\/uploads\/2021\/09\/Marco-para-la-Innovacion.-El-doble-diamante.jpg\" class=\"attachment-post-thumbnail size-post-thumbnail wp-post-image\" alt=\"\" srcset=\"https:\/\/clientesdemo.cl\/innovacd\/wp-content\/uploads\/2021\/09\/Marco-para-la-Innovacion.-El-doble-diamante.jpg 887w, https:\/\/clientesdemo.cl\/innovacd\/wp-content\/uploads\/2021\/09\/Marco-para-la-Innovacion.-El-doble-diamante-300x149.jpg 300w, https:\/\/clientesdemo.cl\/innovacd\/wp-content\/uploads\/2021\/09\/Marco-para-la-Innovacion.-El-doble-diamante-768x381.jpg 768w, https:\/\/clientesdemo.cl\/innovacd\/wp-content\/uploads\/2021\/09\/Marco-para-la-Innovacion.-El-doble-diamante-600x298.jpg 600w\" sizes=\"(max-width: 887px) 100vw, 887px\" \/>    \t\t\t\t\t\t\t\t\t\t<\/a> \r\n                                        \t\t\t\t\t\t\t\t\t\t \r\n\r\n\t\t\t\t\t\t\t\t\t\t\r\n\t\t\t\t\t\t\t\t\t\t\t\t\t\t\t\t\t\t\t\t\t\t\r\n\t\t\t\t\t\t\t\t\t\t\t\r\n\t\t\t\t\t\t\t\t\t<\/div>\t\r\n\t\t\t\t\t\t\t\t\t<div class=\"blog-content\">\r\n\r\n\t\t\t\t\t\t\t\t\t\t\t\t\t\t\t\t\t\t\t\t\t\t\t\t\t\t\t\t\t\t\t\t<div class=\"blog-meta\">\r\n\r\n\t\t\t\t\t\t\t\t\t\t\t\t\t\t\t\t\t\t\t\t\t\t\t\t<span class=\"date\"><i class=\"fa fa-calendar\"><\/i> Septiembre 12, 2021<\/span>\r\n\t\t\t\t\t\t\t\t\t\t\t\t\r\n\t\t\t\t\t\t\t\t\t\t\t\t\t\t\t\t\t\t\t\t\t\t\t\t<span class=\"admin\"><i class=\"fa fa-user\"><\/i> Innovacd<\/span>\r\n\t\t\t\t\t\t\t\t\t\t\t\t\r\n\t\t\t\t\t\t\t\t\t\t\t<\/div>\r\n\t\t\t\t\t\t\t\t\t\t\r\n\t\t\t\t\t\t\t\t\t  \t<h3 class=\"blog-name\"><a class=\"pointer-events\" href=\"https:\/\/clientesdemo.cl\/innovacd\/marco-para-la-innovacion-el-doble-diamante\/\">Marco para la Innovaci\u00f3n. El doble diamante<\/a><\/h3>\r\n\r\n\t\t\t\t\t\t\t\t\t  \t\t\t\t\t\t\t\t\t\t  \t\t<p>Desarrollado y popularizado por el British Design Council, el marco de doble diamante existe desde 2004. Este marco para la...<\/p>\r\n\t\t\t\t\t\t\t\t\t\t\r\n\t\t\t\t\t\t\t\t\t\t                                                                                            <div class=\"blog-btn-part\">\r\n                                                                                                            <a class=\"blog-btn icon-after\" href=\"https:\/\/clientesdemo.cl\/innovacd\/marco-para-la-innovacion-el-doble-diamante\/\">\r\n                                                            <span class=\"btn-txt\">Read More<\/span>\r\n                                                                                                                            <i class=\"fa fa fa-angle-right\"><\/i>\r\n                                                                                                                    <\/a>\r\n\r\n                                                <\/div>\r\n                                          \r\n\r\n\t\t\t\t\t\t\t\t\t<\/div>\r\n\t\t\t\t\t\t  \t\t<\/div>\r\n\t\t\t\t\t  \t\t<\/div>\r\n\t\t\t\t\t\t<\/div>\r\n\t\t\t\t\t\t\t\t\t\t\t\t\r\n\t\t\t\t\t\t<div class=\"col-lg-12 col-md-6 col-xs-1\">\r\n\t\t\t\t\t\t\t<div class=\"blog-item default blog_meta_style1\">\r\n\t\t\t\t\t\t\t\t<div class=\"blog-inner-wrap \">\r\n\t\t\t\t\t\t\t\t\t<div class=\"image-wrap\">\r\n                                            \t\t\t\t\t\t\t\t\t\t<a class=\"pointer-events\" href=\"https:\/\/clientesdemo.cl\/innovacd\/habilidades-de-innovacion-para-el-futuro-3\/\">\r\n    \t\t\t\t\t\t\t\t\t\t\t<img decoding=\"async\" width=\"887\" height=\"440\" src=\"https:\/\/clientesdemo.cl\/innovacd\/wp-content\/uploads\/2021\/09\/Habilidades-de-innovacion-para-el-futuro.jpg\" class=\"attachment-post-thumbnail size-post-thumbnail wp-post-image\" alt=\"\" srcset=\"https:\/\/clientesdemo.cl\/innovacd\/wp-content\/uploads\/2021\/09\/Habilidades-de-innovacion-para-el-futuro.jpg 887w, https:\/\/clientesdemo.cl\/innovacd\/wp-content\/uploads\/2021\/09\/Habilidades-de-innovacion-para-el-futuro-300x149.jpg 300w, https:\/\/clientesdemo.cl\/innovacd\/wp-content\/uploads\/2021\/09\/Habilidades-de-innovacion-para-el-futuro-768x381.jpg 768w, https:\/\/clientesdemo.cl\/innovacd\/wp-content\/uploads\/2021\/09\/Habilidades-de-innovacion-para-el-futuro-600x298.jpg 600w\" sizes=\"(max-width: 887px) 100vw, 887px\" \/>    \t\t\t\t\t\t\t\t\t\t<\/a> \r\n                                        \t\t\t\t\t\t\t\t\t\t \r\n\r\n\t\t\t\t\t\t\t\t\t\t\r\n\t\t\t\t\t\t\t\t\t\t\t\t\t\t\t\t\t\t\t\t\t\t\r\n\t\t\t\t\t\t\t\t\t\t\t\r\n\t\t\t\t\t\t\t\t\t<\/div>\t\r\n\t\t\t\t\t\t\t\t\t<div class=\"blog-content\">\r\n\r\n\t\t\t\t\t\t\t\t\t\t\t\t\t\t\t\t\t\t\t\t\t\t\t\t\t\t\t\t\t\t\t\t<div class=\"blog-meta\">\r\n\r\n\t\t\t\t\t\t\t\t\t\t\t\t\t\t\t\t\t\t\t\t\t\t\t\t<span class=\"date\"><i class=\"fa fa-calendar\"><\/i> Septiembre 12, 2021<\/span>\r\n\t\t\t\t\t\t\t\t\t\t\t\t\r\n\t\t\t\t\t\t\t\t\t\t\t\t\t\t\t\t\t\t\t\t\t\t\t\t<span class=\"admin\"><i class=\"fa fa-user\"><\/i> Innovacd<\/span>\r\n\t\t\t\t\t\t\t\t\t\t\t\t\r\n\t\t\t\t\t\t\t\t\t\t\t<\/div>\r\n\t\t\t\t\t\t\t\t\t\t\r\n\t\t\t\t\t\t\t\t\t  \t<h3 class=\"blog-name\"><a class=\"pointer-events\" href=\"https:\/\/clientesdemo.cl\/innovacd\/habilidades-de-innovacion-para-el-futuro-3\/\">Habilidades de innovaci\u00f3n para el futuro<\/a><\/h3>\r\n\r\n\t\t\t\t\t\t\t\t\t  \t\t\t\t\t\t\t\t\t\t  \t\t<p>En este art\u00edculo, destacaremos cinco estudios de investigaci\u00f3n destacados cuyos hallazgos muestran las habilidades laborales m\u00e1s importantes del siglo XXI...<\/p>\r\n\t\t\t\t\t\t\t\t\t\t\r\n\t\t\t\t\t\t\t\t\t\t                                                                                            <div class=\"blog-btn-part\">\r\n                                                                                                            <a class=\"blog-btn icon-after\" href=\"https:\/\/clientesdemo.cl\/innovacd\/habilidades-de-innovacion-para-el-futuro-3\/\">\r\n                                                            <span class=\"btn-txt\">Read More<\/span>\r\n                                                                                                                            <i class=\"fa fa fa-angle-right\"><\/i>\r\n                                                                                                                    <\/a>\r\n\r\n                                                <\/div>\r\n                                          \r\n\r\n\t\t\t\t\t\t\t\t\t<\/div>\r\n\t\t\t\t\t\t  \t\t<\/div>\r\n\t\t\t\t\t  \t\t<\/div>\r\n\t\t\t\t\t\t<\/div>\r\n\t\t\t\t\t\t\t\t\t\t\t\t\r\n\t\t\t\t\t\t<div class=\"col-lg-12 col-md-6 col-xs-1\">\r\n\t\t\t\t\t\t\t<div class=\"blog-item default blog_meta_style1\">\r\n\t\t\t\t\t\t\t\t<div class=\"blog-inner-wrap \">\r\n\t\t\t\t\t\t\t\t\t<div class=\"image-wrap\">\r\n                                            \t\t\t\t\t\t\t\t\t\t<a class=\"pointer-events\" href=\"https:\/\/clientesdemo.cl\/innovacd\/habilidades-de-innovacion-para-el-futuro-2\/\">\r\n    \t\t\t\t\t\t\t\t\t\t\t<img decoding=\"async\" width=\"887\" height=\"440\" src=\"https:\/\/clientesdemo.cl\/innovacd\/wp-content\/uploads\/2021\/09\/Habilidades-de-innovacion-para-el-futuro.jpg\" class=\"attachment-post-thumbnail size-post-thumbnail wp-post-image\" alt=\"\" srcset=\"https:\/\/clientesdemo.cl\/innovacd\/wp-content\/uploads\/2021\/09\/Habilidades-de-innovacion-para-el-futuro.jpg 887w, https:\/\/clientesdemo.cl\/innovacd\/wp-content\/uploads\/2021\/09\/Habilidades-de-innovacion-para-el-futuro-300x149.jpg 300w, https:\/\/clientesdemo.cl\/innovacd\/wp-content\/uploads\/2021\/09\/Habilidades-de-innovacion-para-el-futuro-768x381.jpg 768w, https:\/\/clientesdemo.cl\/innovacd\/wp-content\/uploads\/2021\/09\/Habilidades-de-innovacion-para-el-futuro-600x298.jpg 600w\" sizes=\"(max-width: 887px) 100vw, 887px\" \/>    \t\t\t\t\t\t\t\t\t\t<\/a> \r\n                                        \t\t\t\t\t\t\t\t\t\t \r\n\r\n\t\t\t\t\t\t\t\t\t\t\r\n\t\t\t\t\t\t\t\t\t\t\t\t\t\t\t\t\t\t\t\t\t\t\r\n\t\t\t\t\t\t\t\t\t\t\t\r\n\t\t\t\t\t\t\t\t\t<\/div>\t\r\n\t\t\t\t\t\t\t\t\t<div class=\"blog-content\">\r\n\r\n\t\t\t\t\t\t\t\t\t\t\t\t\t\t\t\t\t\t\t\t\t\t\t\t\t\t\t\t\t\t\t\t<div class=\"blog-meta\">\r\n\r\n\t\t\t\t\t\t\t\t\t\t\t\t\t\t\t\t\t\t\t\t\t\t\t\t<span class=\"date\"><i class=\"fa fa-calendar\"><\/i> Septiembre 12, 2021<\/span>\r\n\t\t\t\t\t\t\t\t\t\t\t\t\r\n\t\t\t\t\t\t\t\t\t\t\t\t\t\t\t\t\t\t\t\t\t\t\t\t<span class=\"admin\"><i class=\"fa fa-user\"><\/i> Innovacd<\/span>\r\n\t\t\t\t\t\t\t\t\t\t\t\t\r\n\t\t\t\t\t\t\t\t\t\t\t<\/div>\r\n\t\t\t\t\t\t\t\t\t\t\r\n\t\t\t\t\t\t\t\t\t  \t<h3 class=\"blog-name\"><a class=\"pointer-events\" href=\"https:\/\/clientesdemo.cl\/innovacd\/habilidades-de-innovacion-para-el-futuro-2\/\">Habilidades de innovaci\u00f3n para el futuro<\/a><\/h3>\r\n\r\n\t\t\t\t\t\t\t\t\t  \t\t\t\t\t\t\t\t\t\t  \t\t<p>En este art\u00edculo, destacaremos cinco estudios de investigaci\u00f3n destacados cuyos hallazgos muestran las habilidades laborales m\u00e1s importantes del siglo XXI...<\/p>\r\n\t\t\t\t\t\t\t\t\t\t\r\n\t\t\t\t\t\t\t\t\t\t                                                                                            <div class=\"blog-btn-part\">\r\n                                                                                                            <a class=\"blog-btn icon-after\" href=\"https:\/\/clientesdemo.cl\/innovacd\/habilidades-de-innovacion-para-el-futuro-2\/\">\r\n                                                            <span class=\"btn-txt\">Read More<\/span>\r\n                                                                                                                            <i class=\"fa fa fa-angle-right\"><\/i>\r\n                                                                                                                    <\/a>\r\n\r\n                                                <\/div>\r\n                                          \r\n\r\n\t\t\t\t\t\t\t\t\t<\/div>\r\n\t\t\t\t\t\t  \t\t<\/div>\r\n\t\t\t\t\t  \t\t<\/div>\r\n\t\t\t\t\t\t<\/div>\r\n\t\t\t\t\t\t\t\t\t\t\t\t\r\n\t\t\t\t\t\t<div class=\"col-lg-12 col-md-6 col-xs-1\">\r\n\t\t\t\t\t\t\t<div class=\"blog-item default blog_meta_style1\">\r\n\t\t\t\t\t\t\t\t<div class=\"blog-inner-wrap \">\r\n\t\t\t\t\t\t\t\t\t<div class=\"image-wrap\">\r\n                                            \t\t\t\t\t\t\t\t\t\t<a class=\"pointer-events\" href=\"https:\/\/clientesdemo.cl\/innovacd\/habilidades-de-innovacion-para-el-futuro\/\">\r\n    \t\t\t\t\t\t\t\t\t\t\t<img decoding=\"async\" width=\"887\" height=\"440\" src=\"https:\/\/clientesdemo.cl\/innovacd\/wp-content\/uploads\/2021\/09\/Habilidades-de-innovacion-para-el-futuro.jpg\" class=\"attachment-post-thumbnail size-post-thumbnail wp-post-image\" alt=\"\" srcset=\"https:\/\/clientesdemo.cl\/innovacd\/wp-content\/uploads\/2021\/09\/Habilidades-de-innovacion-para-el-futuro.jpg 887w, https:\/\/clientesdemo.cl\/innovacd\/wp-content\/uploads\/2021\/09\/Habilidades-de-innovacion-para-el-futuro-300x149.jpg 300w, https:\/\/clientesdemo.cl\/innovacd\/wp-content\/uploads\/2021\/09\/Habilidades-de-innovacion-para-el-futuro-768x381.jpg 768w, https:\/\/clientesdemo.cl\/innovacd\/wp-content\/uploads\/2021\/09\/Habilidades-de-innovacion-para-el-futuro-600x298.jpg 600w\" sizes=\"(max-width: 887px) 100vw, 887px\" \/>    \t\t\t\t\t\t\t\t\t\t<\/a> \r\n                                        \t\t\t\t\t\t\t\t\t\t \r\n\r\n\t\t\t\t\t\t\t\t\t\t\r\n\t\t\t\t\t\t\t\t\t\t\t\t\t\t\t\t\t\t\t\t\t\t\r\n\t\t\t\t\t\t\t\t\t\t\t\r\n\t\t\t\t\t\t\t\t\t<\/div>\t\r\n\t\t\t\t\t\t\t\t\t<div class=\"blog-content\">\r\n\r\n\t\t\t\t\t\t\t\t\t\t\t\t\t\t\t\t\t\t\t\t\t\t\t\t\t\t\t\t\t\t\t\t<div class=\"blog-meta\">\r\n\r\n\t\t\t\t\t\t\t\t\t\t\t\t\t\t\t\t\t\t\t\t\t\t\t\t<span class=\"date\"><i class=\"fa fa-calendar\"><\/i> Septiembre 12, 2021<\/span>\r\n\t\t\t\t\t\t\t\t\t\t\t\t\r\n\t\t\t\t\t\t\t\t\t\t\t\t\t\t\t\t\t\t\t\t\t\t\t\t<span class=\"admin\"><i class=\"fa fa-user\"><\/i> Innovacd<\/span>\r\n\t\t\t\t\t\t\t\t\t\t\t\t\r\n\t\t\t\t\t\t\t\t\t\t\t<\/div>\r\n\t\t\t\t\t\t\t\t\t\t\r\n\t\t\t\t\t\t\t\t\t  \t<h3 class=\"blog-name\"><a class=\"pointer-events\" href=\"https:\/\/clientesdemo.cl\/innovacd\/habilidades-de-innovacion-para-el-futuro\/\">Habilidades de innovaci\u00f3n para el futuro<\/a><\/h3>\r\n\r\n\t\t\t\t\t\t\t\t\t  \t\t\t\t\t\t\t\t\t\t  \t\t<p>En este art\u00edculo, destacaremos cinco estudios de investigaci\u00f3n destacados cuyos hallazgos muestran las habilidades laborales m\u00e1s importantes del siglo XXI...<\/p>\r\n\t\t\t\t\t\t\t\t\t\t\r\n\t\t\t\t\t\t\t\t\t\t                                                                                            <div class=\"blog-btn-part\">\r\n                                                                                                            <a class=\"blog-btn icon-after\" href=\"https:\/\/clientesdemo.cl\/innovacd\/habilidades-de-innovacion-para-el-futuro\/\">\r\n                                                            <span class=\"btn-txt\">Read More<\/span>\r\n                                                                                                                            <i class=\"fa fa fa-angle-right\"><\/i>\r\n                                                                                                                    <\/a>\r\n\r\n                                                <\/div>\r\n                                          \r\n\r\n\t\t\t\t\t\t\t\t\t<\/div>\r\n\t\t\t\t\t\t  \t\t<\/div>\r\n\t\t\t\t\t  \t\t<\/div>\r\n\t\t\t\t\t\t<\/div>\r\n\t\t\t\t\t\t\t\t\t\t<\/div>\r\n\r\n\t\t\t\t\t\t\t\t\t\t<div class=\"rs-pagination-area\"><div class=\"nav-links\"><span aria-current=\"page\" class=\"page-numbers current\">1<\/span>\n<a class=\"page-numbers\" href=\"https:\/\/clientesdemo.cl\/innovacd\/wp-json\/wp\/v2\/pages\/16210\/page\/2\/\">2<\/a>\n<a class=\"page-numbers\" href=\"https:\/\/clientesdemo.cl\/innovacd\/wp-json\/wp\/v2\/pages\/16210\/page\/3\/\">3<\/a>\n<a class=\"next page-numbers\" href=\"https:\/\/clientesdemo.cl\/innovacd\/wp-json\/wp\/v2\/pages\/16210\/page\/2\/\">Siguiente &raquo;<\/a><\/div><\/div>\r\n\t\t\t\t\r\n\t\t\t<\/div>\r\n\t\t\t\t\t\t<\/div>\n\t\t\t\t<\/div>\n\t\t\t\t\t<\/div>\n\t\t<\/div>\n\t\t\t\t\t<\/div>\n\t\t<\/section>\n\t\t\t\t<\/div>\n\t\t","protected":false},"excerpt":{"rendered":"<p>septiembre 12, 2021 Innovacd Marco para la Innovaci\u00f3n. El doble diamante Desarrollado y popularizado por el British Design Council, el marco de doble diamante existe desde 2004. Este marco para la&#8230; Read More septiembre 12, 2021 Innovacd Habilidades de innovaci\u00f3n para el futuro En este art\u00edculo, destacaremos cinco estudios de investigaci\u00f3n destacados cuyos hallazgos muestran&#8230;<\/p>\n","protected":false},"author":1,"featured_media":0,"parent":0,"menu_order":0,"comment_status":"closed","ping_status":"closed","template":"","meta":{"footnotes":""},"class_list":["post-16210","page","type-page","status-publish","hentry"],"_links":{"self":[{"href":"https:\/\/clientesdemo.cl\/innovacd\/wp-json\/wp\/v2\/pages\/16210","targetHints":{"allow":["GET"]}}],"collection":[{"href":"https:\/\/clientesdemo.cl\/innovacd\/wp-json\/wp\/v2\/pages"}],"about":[{"href":"https:\/\/clientesdemo.cl\/innovacd\/wp-json\/wp\/v2\/types\/page"}],"author":[{"embeddable":true,"href":"https:\/\/clientesdemo.cl\/innovacd\/wp-json\/wp\/v2\/users\/1"}],"replies":[{"embeddable":true,"href":"https:\/\/clientesdemo.cl\/innovacd\/wp-json\/wp\/v2\/comments?post=16210"}],"version-history":[{"count":5,"href":"https:\/\/clientesdemo.cl\/innovacd\/wp-json\/wp\/v2\/pages\/16210\/revisions"}],"predecessor-version":[{"id":16235,"href":"https:\/\/clientesdemo.cl\/innovacd\/wp-json\/wp\/v2\/pages\/16210\/revisions\/16235"}],"wp:attachment":[{"href":"https:\/\/clientesdemo.cl\/innovacd\/wp-json\/wp\/v2\/media?parent=16210"}],"curies":[{"name":"wp","href":"https:\/\/api.w.org\/{rel}","templated":true}]}}