{"id":13637,"date":"2021-08-25T18:44:32","date_gmt":"2021-08-25T21:44:32","guid":{"rendered":"https:\/\/innovacd.net\/?page_id=13637"},"modified":"2024-02-14T06:40:58","modified_gmt":"2024-02-14T09:40:58","slug":"customer-experience-en","status":"publish","type":"page","link":"https:\/\/clientesdemo.cl\/innovacd\/customer-experience-en\/","title":{"rendered":"CUSTOMER EXPERIENCE"},"content":{"rendered":"\t\t<div data-elementor-type=\"wp-page\" data-elementor-id=\"13637\" class=\"elementor elementor-13637\" data-elementor-post-type=\"page\">\n\t\t\t\t\t\t<section class=\"elementor-section elementor-top-section elementor-element elementor-element-51474aa elementor-section-boxed elementor-section-height-default elementor-section-height-default\" data-id=\"51474aa\" data-element_type=\"section\">\n\t\t\t\t\t\t<div class=\"elementor-container elementor-column-gap-default\">\n\t\t\t\t\t<div class=\"elementor-column elementor-col-50 elementor-top-column elementor-element elementor-element-32190d5\" data-id=\"32190d5\" data-element_type=\"column\">\n\t\t\t<div class=\"elementor-widget-wrap elementor-element-populated\">\n\t\t\t\t\t\t<div class=\"elementor-element elementor-element-98b8fad elementor-widget elementor-widget-image\" data-id=\"98b8fad\" data-element_type=\"widget\" data-widget_type=\"image.default\">\n\t\t\t\t<div class=\"elementor-widget-container\">\n\t\t\t\t\t\t\t\t\t\t\t\t\t\t\t<img fetchpriority=\"high\" decoding=\"async\" width=\"800\" height=\"534\" src=\"https:\/\/clientesdemo.cl\/innovacd\/wp-content\/uploads\/2021\/09\/14-single.png\" class=\"attachment-full size-full wp-image-15219\" alt=\"\" srcset=\"https:\/\/clientesdemo.cl\/innovacd\/wp-content\/uploads\/2021\/09\/14-single.png 800w, https:\/\/clientesdemo.cl\/innovacd\/wp-content\/uploads\/2021\/09\/14-single-300x200.png 300w, https:\/\/clientesdemo.cl\/innovacd\/wp-content\/uploads\/2021\/09\/14-single-768x513.png 768w, https:\/\/clientesdemo.cl\/innovacd\/wp-content\/uploads\/2021\/09\/14-single-365x243.png 365w, https:\/\/clientesdemo.cl\/innovacd\/wp-content\/uploads\/2021\/09\/14-single-600x401.png 600w\" sizes=\"(max-width: 800px) 100vw, 800px\" \/>\t\t\t\t\t\t\t\t\t\t\t\t\t\t\t<\/div>\n\t\t\t\t<\/div>\n\t\t\t\t<div class=\"elementor-element elementor-element-6b36dea elementor-widget elementor-widget-heading\" data-id=\"6b36dea\" data-element_type=\"widget\" data-widget_type=\"heading.default\">\n\t\t\t\t<div class=\"elementor-widget-container\">\n\t\t\t\t\t<h2 class=\"elementor-heading-title elementor-size-default\">CUSTOMER EXPERIENCE<\/h2>\t\t\t\t<\/div>\n\t\t\t\t<\/div>\n\t\t\t\t<div class=\"elementor-element elementor-element-c4dd3f0 elementor-widget elementor-widget-text-editor\" data-id=\"c4dd3f0\" data-element_type=\"widget\" data-widget_type=\"text-editor.default\">\n\t\t\t\t<div class=\"elementor-widget-container\">\n\t\t\t\t\t\t\t\t\t<p>The current experience that customers have with the organization is evaluated, identifying moments of pain that negatively affect the user experience.<\/p><p>With validated problems, innovative solutions are developed that allow customers to enjoy fully satisfactory experiences.<\/p><p>We support the design of new processes that ensure a positive experience for users.<\/p>\t\t\t\t\t\t\t\t<\/div>\n\t\t\t\t<\/div>\n\t\t\t\t<section class=\"elementor-section elementor-inner-section elementor-element elementor-element-7cca7cc elementor-section-boxed elementor-section-height-default elementor-section-height-default\" data-id=\"7cca7cc\" data-element_type=\"section\">\n\t\t\t\t\t\t<div class=\"elementor-container elementor-column-gap-default\">\n\t\t\t\t\t<div class=\"elementor-column elementor-col-100 elementor-inner-column elementor-element elementor-element-4329e43\" data-id=\"4329e43\" data-element_type=\"column\">\n\t\t\t<div class=\"elementor-widget-wrap\">\n\t\t\t\t\t\t\t<\/div>\n\t\t<\/div>\n\t\t\t\t\t<\/div>\n\t\t<\/section>\n\t\t\t\t<section class=\"elementor-section elementor-inner-section elementor-element elementor-element-f324766 elementor-section-boxed elementor-section-height-default elementor-section-height-default\" data-id=\"f324766\" data-element_type=\"section\">\n\t\t\t\t\t\t<div class=\"elementor-container elementor-column-gap-default\">\n\t\t\t\t\t<div class=\"elementor-column elementor-col-100 elementor-inner-column elementor-element elementor-element-679acd4\" data-id=\"679acd4\" data-element_type=\"column\" data-settings=\"{&quot;background_background&quot;:&quot;classic&quot;}\">\n\t\t\t<div class=\"elementor-widget-wrap elementor-element-populated\">\n\t\t\t\t\t\t<div class=\"elementor-element elementor-element-6ba60db elementor-widget elementor-widget-heading\" data-id=\"6ba60db\" data-element_type=\"widget\" data-widget_type=\"heading.default\">\n\t\t\t\t<div class=\"elementor-widget-container\">\n\t\t\t\t\t<h2 class=\"elementor-heading-title elementor-size-default\">For more details contact us<\/h2>\t\t\t\t<\/div>\n\t\t\t\t<\/div>\n\t\t\t\t<div class=\"elementor-element elementor-element-35cc911 elementor-align-center elementor-widget elementor-widget-button\" data-id=\"35cc911\" data-element_type=\"widget\" data-widget_type=\"button.default\">\n\t\t\t\t<div class=\"elementor-widget-container\">\n\t\t\t\t\t\t\t\t\t<div class=\"elementor-button-wrapper\">\n\t\t\t\t\t<a class=\"elementor-button elementor-button-link elementor-size-md\" href=\"https:\/\/clientesdemo.cl\/innovacd\/contact\/\">\n\t\t\t\t\t\t<span class=\"elementor-button-content-wrapper\">\n\t\t\t\t\t\t\t\t\t<span class=\"elementor-button-text\">Click Here<\/span>\n\t\t\t\t\t<\/span>\n\t\t\t\t\t<\/a>\n\t\t\t\t<\/div>\n\t\t\t\t\t\t\t\t<\/div>\n\t\t\t\t<\/div>\n\t\t\t\t\t<\/div>\n\t\t<\/div>\n\t\t\t\t\t<\/div>\n\t\t<\/section>\n\t\t\t\t\t<\/div>\n\t\t<\/div>\n\t\t\t\t<div class=\"elementor-column elementor-col-50 elementor-top-column elementor-element elementor-element-b25dbbf bs-sidebar dynamic-sidebar\" data-id=\"b25dbbf\" data-element_type=\"column\">\n\t\t\t<div class=\"elementor-widget-wrap elementor-element-populated\">\n\t\t\t\t\t\t<div class=\"elementor-element elementor-element-2b5a5cf elementor-widget elementor-widget-sidebar\" data-id=\"2b5a5cf\" data-element_type=\"widget\" data-widget_type=\"sidebar.default\">\n\t\t\t\t<div class=\"elementor-widget-container\">\n\t\t\t\t\t<div id=\"nav_menu-1\" class=\"service-singles widget widget_nav_menu\"><h2 class=\"widget-title\">SERVICIOS INNOVACD<\/h2><div class=\"menu-innovacd-serviceses-container\"><ul id=\"menu-innovacd-serviceses\" class=\"menu\"><li id=\"menu-item-13686\" class=\"menu-item menu-item-type-post_type menu-item-object-page menu-item-13686\"><a href=\"https:\/\/clientesdemo.cl\/innovacd\/liderazgo-para-innovar\/\">LIDERAZGO PARA INNOVAR<\/a><\/li>\n<li id=\"menu-item-13401\" class=\"menu-item menu-item-type-post_type menu-item-object-page menu-item-13401\"><a href=\"https:\/\/clientesdemo.cl\/innovacd\/cultura-de-innovacion\/\">CULTURA DE INNOVACI\u00d3N<\/a><\/li>\n<li id=\"menu-item-13402\" class=\"menu-item menu-item-type-post_type menu-item-object-page menu-item-13402\"><a href=\"https:\/\/clientesdemo.cl\/innovacd\/alineacion-de-equipos\/\">ALINEACI\u00d3N DE EQUIPOS<\/a><\/li>\n<li id=\"menu-item-13403\" class=\"menu-item menu-item-type-post_type menu-item-object-page menu-item-13403\"><a href=\"https:\/\/clientesdemo.cl\/innovacd\/modelos-de-negocio\/\">MODELOS DE NEGOCIO<\/a><\/li>\n<li id=\"menu-item-13404\" class=\"menu-item menu-item-type-post_type menu-item-object-page menu-item-13404\"><a href=\"https:\/\/clientesdemo.cl\/innovacd\/descubriendo-oportunidades\/\">DESCUBRIENDO OPORTUNIDADES<\/a><\/li>\n<li id=\"menu-item-13405\" class=\"menu-item menu-item-type-post_type menu-item-object-page menu-item-13405\"><a href=\"https:\/\/clientesdemo.cl\/innovacd\/disenando-nuevos-de-productos-y-servicios-innovadores\/\">DISE\u00d1ANDO NUEVOS PRODUCTOS Y SERVICIOS INNOVADORES<\/a><\/li>\n<li id=\"menu-item-13406\" class=\"menu-item menu-item-type-post_type menu-item-object-page menu-item-13406\"><a href=\"https:\/\/clientesdemo.cl\/innovacd\/co-creando-y-validando-con-diversidad-de-actores\/\">CO-CREANDO Y VALIDANDO CON DIVERSIDAD DE ACTORES<\/a><\/li>\n<li id=\"menu-item-13407\" class=\"menu-item menu-item-type-post_type menu-item-object-page menu-item-13407\"><a href=\"https:\/\/clientesdemo.cl\/innovacd\/desarrollando-proyectos-piloto\/\">DESARROLLANDO PROYECTOS PILOTO<\/a><\/li>\n<li id=\"menu-item-13408\" class=\"menu-item menu-item-type-post_type menu-item-object-page menu-item-13408\"><a href=\"https:\/\/clientesdemo.cl\/innovacd\/acelerando-emprendimientos-innovadores\/\">ACELERANDO EMPRENDIMIENTOS INNOVADORES<\/a><\/li>\n<li id=\"menu-item-13409\" class=\"menu-item menu-item-type-post_type menu-item-object-page menu-item-13409\"><a href=\"https:\/\/clientesdemo.cl\/innovacd\/sistematizacion-de-la-innovacion\/\">SISTEMATIZACI\u00d3N DE LA INNOVACI\u00d3N<\/a><\/li>\n<li id=\"menu-item-13410\" class=\"menu-item menu-item-type-post_type menu-item-object-page menu-item-13410\"><a href=\"https:\/\/clientesdemo.cl\/innovacd\/design-thinking\/\">DESIGN THINKING<\/a><\/li>\n<li id=\"menu-item-13411\" class=\"menu-item menu-item-type-post_type menu-item-object-page menu-item-13411\"><a href=\"https:\/\/clientesdemo.cl\/innovacd\/visual-thinking\/\">VISUAL THINKING<\/a><\/li>\n<li id=\"menu-item-13412\" class=\"menu-item menu-item-type-post_type menu-item-object-page menu-item-13412\"><a href=\"https:\/\/clientesdemo.cl\/innovacd\/pensamiento-lateral-pensamiento-paralelo-pensamiento-irradiante\/\">PENSAMIENTO LATERAL \/ PENSAMIENTO PARALELO \/ PENSAMIENTO IRRADIANTE<\/a><\/li>\n<li id=\"menu-item-13893\" class=\"menu-item menu-item-type-post_type menu-item-object-page menu-item-13893\"><a href=\"https:\/\/clientesdemo.cl\/innovacd\/customer-experience\/\">CUSTOMER EXPERIENCE<\/a><\/li>\n<\/ul><\/div><\/div><div id=\"nav_menu-2\" class=\"service-singles widget widget_nav_menu\"><h2 class=\"widget-title\">INNOVACD SERVICES<\/h2><div class=\"menu-innovacd-serviceen-container\"><ul id=\"menu-innovacd-serviceen\" class=\"menu\"><li id=\"menu-item-13672\" class=\"menu-item menu-item-type-post_type menu-item-object-page menu-item-13672\"><a href=\"https:\/\/clientesdemo.cl\/innovacd\/leadership-to-innovate\/\">LEADERSHIP TO INNOVATE<\/a><\/li>\n<li id=\"menu-item-13673\" class=\"menu-item menu-item-type-post_type menu-item-object-page menu-item-13673\"><a href=\"https:\/\/clientesdemo.cl\/innovacd\/innovation-culture\/\">INNOVATION CULTURE<\/a><\/li>\n<li id=\"menu-item-13685\" class=\"menu-item menu-item-type-post_type menu-item-object-page menu-item-13685\"><a href=\"https:\/\/clientesdemo.cl\/innovacd\/team-alignment\/\">TEAM ALIGNMENT<\/a><\/li>\n<li id=\"menu-item-13674\" class=\"menu-item menu-item-type-post_type menu-item-object-page menu-item-13674\"><a href=\"https:\/\/clientesdemo.cl\/innovacd\/new-business-models\/\">NEW BUSINESS MODELS<\/a><\/li>\n<li id=\"menu-item-13675\" class=\"menu-item menu-item-type-post_type menu-item-object-page menu-item-13675\"><a href=\"https:\/\/clientesdemo.cl\/innovacd\/discovering-opportunities\/\">DISCOVERING OPPORTUNITIES<\/a><\/li>\n<li id=\"menu-item-13676\" class=\"menu-item menu-item-type-post_type menu-item-object-page menu-item-13676\"><a href=\"https:\/\/clientesdemo.cl\/innovacd\/designing-new-innovative-products-and-services\/\">DESIGNING NEW INNOVATIVE PRODUCTS AND SERVICES<\/a><\/li>\n<li id=\"menu-item-13677\" class=\"menu-item menu-item-type-post_type menu-item-object-page menu-item-13677\"><a href=\"https:\/\/clientesdemo.cl\/innovacd\/co-creating-and-validating-with-a-diversity-of-actors\/\">CO-CREATING AND VALIDATING WITH A DIVERSITY OF ACTORS<\/a><\/li>\n<li id=\"menu-item-13678\" class=\"menu-item menu-item-type-post_type menu-item-object-page menu-item-13678\"><a href=\"https:\/\/clientesdemo.cl\/innovacd\/developing-pilot-projects\/\">DEVELOPING PILOT PROJECTS<\/a><\/li>\n<li id=\"menu-item-13679\" class=\"menu-item menu-item-type-post_type menu-item-object-page menu-item-13679\"><a href=\"https:\/\/clientesdemo.cl\/innovacd\/accelerating-innovative-enterprises\/\">ACCELERATING INNOVATIVE ENTERPRISES<\/a><\/li>\n<li id=\"menu-item-13680\" class=\"menu-item menu-item-type-post_type menu-item-object-page menu-item-13680\"><a href=\"https:\/\/clientesdemo.cl\/innovacd\/systematizing-innovation\/\">SYSTEMATIZING INNOVATION<\/a><\/li>\n<li id=\"menu-item-13681\" class=\"menu-item menu-item-type-post_type menu-item-object-page menu-item-13681\"><a href=\"https:\/\/clientesdemo.cl\/innovacd\/design-thinking-en\/\">DESIGN THINKING<\/a><\/li>\n<li id=\"menu-item-13682\" class=\"menu-item menu-item-type-post_type menu-item-object-page menu-item-13682\"><a href=\"https:\/\/clientesdemo.cl\/innovacd\/visual-thinking-en\/\">VISUAL THINKING<\/a><\/li>\n<li id=\"menu-item-13683\" class=\"menu-item menu-item-type-post_type menu-item-object-page menu-item-13683\"><a href=\"https:\/\/clientesdemo.cl\/innovacd\/lateral-thinking-parallel-thinking-radiant-thinking\/\">LATERAL THINKING \/ PARALLEL THINKING \/ RADIANT THINKING<\/a><\/li>\n<li id=\"menu-item-13684\" class=\"menu-item menu-item-type-post_type menu-item-object-page menu-item-13684\"><a href=\"https:\/\/clientesdemo.cl\/innovacd\/customer-experience-en\/\">CUSTOMER EXPERIENCE<\/a><\/li>\n<\/ul><\/div><\/div><div id=\"nav_menu-3\" class=\"service-singles widget widget_nav_menu\"><h2 class=\"widget-title\">SERVEIS INNOVACD<\/h2><div class=\"menu-innovacd-serviceca-container\"><ul id=\"menu-innovacd-serviceca\" class=\"menu\"><li id=\"menu-item-13653\" class=\"menu-item menu-item-type-post_type menu-item-object-page menu-item-13653\"><a href=\"https:\/\/clientesdemo.cl\/innovacd\/leadership-to-innovate\/\">LIDERATGE PER INNOVAR<\/a><\/li>\n<li id=\"menu-item-13655\" class=\"menu-item menu-item-type-post_type menu-item-object-page menu-item-13655\"><a href=\"https:\/\/clientesdemo.cl\/innovacd\/cultura-dinnovacio\/\">CULTURA D\u2019INNOVACI\u00d3<\/a><\/li>\n<li id=\"menu-item-13656\" class=\"menu-item menu-item-type-post_type menu-item-object-page menu-item-13656\"><a href=\"https:\/\/clientesdemo.cl\/innovacd\/alineacio-dequips\/\">ALINEACI\u00d3 D\u2019EQUIPS<\/a><\/li>\n<li id=\"menu-item-13657\" class=\"menu-item menu-item-type-post_type menu-item-object-page menu-item-13657\"><a href=\"https:\/\/clientesdemo.cl\/innovacd\/nous-models-de-negoci\/\">NOUS MODELS DE NEGOCI<\/a><\/li>\n<li id=\"menu-item-13658\" class=\"menu-item menu-item-type-post_type menu-item-object-page menu-item-13658\"><a href=\"https:\/\/clientesdemo.cl\/innovacd\/descobrint-oportunitats\/\">DESCOBRINT OPORTUNITATS<\/a><\/li>\n<li id=\"menu-item-13659\" class=\"menu-item menu-item-type-post_type menu-item-object-page menu-item-13659\"><a href=\"https:\/\/clientesdemo.cl\/innovacd\/dissenyant-nous-productes-i-serveis-innovadors\/\">DISSENYANT NOUS PRODUCTES I SERVEIS INNOVADORS<\/a><\/li>\n<li id=\"menu-item-13660\" class=\"menu-item menu-item-type-post_type menu-item-object-page menu-item-13660\"><a href=\"https:\/\/clientesdemo.cl\/innovacd\/co-creant-i-validant-amb-diversitat-dactors\/\">CO-CREANT I VALIDANT AMB DIVERSITAT D\u2019ACTORS<\/a><\/li>\n<li id=\"menu-item-13661\" class=\"menu-item menu-item-type-post_type menu-item-object-page menu-item-13661\"><a href=\"https:\/\/clientesdemo.cl\/innovacd\/desenvolupant-projectes-pilot\/\">DESENVOLUPANT PROJECTES PILOT<\/a><\/li>\n<li id=\"menu-item-13662\" class=\"menu-item menu-item-type-post_type menu-item-object-page menu-item-13662\"><a href=\"https:\/\/clientesdemo.cl\/innovacd\/accelerant-iniciatives-innovadores\/\">ACCELERANT INICIATIVES INNOVADORES<\/a><\/li>\n<li id=\"menu-item-13663\" class=\"menu-item menu-item-type-post_type menu-item-object-page menu-item-13663\"><a href=\"https:\/\/clientesdemo.cl\/innovacd\/sistematizacio-de-la-innovacio\/\">SISTEMATIZACI\u00d3 DE LA INNOVACI\u00d3<\/a><\/li>\n<li id=\"menu-item-13668\" class=\"menu-item menu-item-type-post_type menu-item-object-page menu-item-13668\"><a href=\"https:\/\/clientesdemo.cl\/innovacd\/design-thinking-ca\/\">DESIGN THINKING<\/a><\/li>\n<li id=\"menu-item-13665\" class=\"menu-item menu-item-type-post_type menu-item-object-page menu-item-13665\"><a href=\"https:\/\/clientesdemo.cl\/innovacd\/visual-thinking-ca\/\">VISUAL THINKING<\/a><\/li>\n<li id=\"menu-item-13670\" class=\"menu-item menu-item-type-post_type menu-item-object-page menu-item-13670\"><a href=\"https:\/\/clientesdemo.cl\/innovacd\/pensament-lateral-pensament-paral%c2%b7lel-pensament-irradiant\/\">PENSAMENT LATERAL \/ PENSAMENT PARAL\u00b7LEL \/ PENSAMENT IRRADIANT<\/a><\/li>\n<li id=\"menu-item-13671\" class=\"menu-item menu-item-type-post_type menu-item-object-page menu-item-13671\"><a href=\"https:\/\/clientesdemo.cl\/innovacd\/customer-experience-ca\/\">CUSTOMER EXPERIENCE<\/a><\/li>\n<\/ul><\/div><\/div><div id=\"nav_menu-7\" class=\"service-singles widget widget_nav_menu\"><h2 class=\"widget-title\">SERVI\u00c7OS INNOVACD<\/h2><div class=\"menu-innovacd-servicept-container\"><ul id=\"menu-innovacd-servicept\" class=\"menu\"><li id=\"menu-item-16273\" class=\"menu-item menu-item-type-post_type menu-item-object-page menu-item-16273\"><a href=\"https:\/\/clientesdemo.cl\/innovacd\/lideranca-para-inovar\/\">LIDERAN\u00c7A PARA INOVAR<\/a><\/li>\n<li id=\"menu-item-16272\" class=\"menu-item menu-item-type-post_type menu-item-object-page menu-item-16272\"><a href=\"https:\/\/clientesdemo.cl\/innovacd\/cultura-de-inovacao\/\">CULTURA DE INOVA\u00c7\u00c3O<\/a><\/li>\n<li id=\"menu-item-16271\" class=\"menu-item menu-item-type-post_type menu-item-object-page menu-item-16271\"><a href=\"https:\/\/clientesdemo.cl\/innovacd\/alinhamento-de-equipas\/\">ALINHAMENTO DE EQUIPAS<\/a><\/li>\n<li id=\"menu-item-16274\" class=\"menu-item menu-item-type-post_type menu-item-object-page menu-item-16274\"><a href=\"https:\/\/clientesdemo.cl\/innovacd\/modelos-de-negocio-2\/\">NOVOS MODELOS DE NEG\u00d3CIO<\/a><\/li>\n<li id=\"menu-item-16285\" class=\"menu-item menu-item-type-post_type menu-item-object-page menu-item-16285\"><a href=\"https:\/\/clientesdemo.cl\/innovacd\/descobrir-oportunidades\/\">DESCOBRIR OPORTUNIDADES<\/a><\/li>\n<li id=\"menu-item-16286\" class=\"menu-item menu-item-type-post_type menu-item-object-page menu-item-16286\"><a href=\"https:\/\/clientesdemo.cl\/innovacd\/desenho-de-novos-produtos-e-servicos-inovadores\/\">DESENHO DE NOVOS PRODUTOS E SERVI\u00c7OS INOVADORES<\/a><\/li>\n<li id=\"menu-item-16295\" class=\"menu-item menu-item-type-post_type menu-item-object-page menu-item-16295\"><a href=\"https:\/\/clientesdemo.cl\/innovacd\/cocriacao-e-validacao-com-diversidade-de-intervenientes\/\">COCRIA\u00c7\u00c3O E VALIDA\u00c7\u00c3O COM DIVERSIDADE DE INTERVENIENTES<\/a><\/li>\n<li id=\"menu-item-16316\" class=\"menu-item menu-item-type-post_type menu-item-object-page menu-item-16316\"><a href=\"https:\/\/clientesdemo.cl\/innovacd\/desenvolver-projetos-piloto\/\">DESENVOLVER PROJETOS-PILOTO<\/a><\/li>\n<li id=\"menu-item-16315\" class=\"menu-item menu-item-type-post_type menu-item-object-page menu-item-16315\"><a href=\"https:\/\/clientesdemo.cl\/innovacd\/acelerar-empreendimentos-inovadores\/\">ACELERAR EMPREENDIMENTOS INOVADORES<\/a><\/li>\n<li id=\"menu-item-16314\" class=\"menu-item menu-item-type-post_type menu-item-object-page menu-item-16314\"><a href=\"https:\/\/clientesdemo.cl\/innovacd\/sistematizar-a-inovacao\/\">SISTEMATIZAR A INOVA\u00c7\u00c3O<\/a><\/li>\n<li id=\"menu-item-16344\" class=\"menu-item menu-item-type-post_type menu-item-object-page menu-item-16344\"><a href=\"https:\/\/clientesdemo.cl\/innovacd\/design-thinking-pt\/\">DESIGN THINKING<\/a><\/li>\n<li id=\"menu-item-16347\" class=\"menu-item menu-item-type-post_type menu-item-object-page menu-item-16347\"><a href=\"https:\/\/clientesdemo.cl\/innovacd\/pensamento-visual\/\">PENSAMENTO VISUAL<\/a><\/li>\n<li id=\"menu-item-16346\" class=\"menu-item menu-item-type-post_type menu-item-object-page menu-item-16346\"><a href=\"https:\/\/clientesdemo.cl\/innovacd\/pensamento-lateral-pensamento-paralelo-pensamento-radiante\/\">PENSAMENTO LATERAL \/ PENSAMENTO PARALELO \/ PENSAMENTO RADIANTE<\/a><\/li>\n<li id=\"menu-item-16345\" class=\"menu-item menu-item-type-post_type menu-item-object-page menu-item-16345\"><a href=\"https:\/\/clientesdemo.cl\/innovacd\/experiencia-do-cliente\/\">EXPERI\u00caNCIA DO CLIENTE<\/a><\/li>\n<\/ul><\/div><\/div>\t\t\t\t<\/div>\n\t\t\t\t<\/div>\n\t\t\t\t\t<\/div>\n\t\t<\/div>\n\t\t\t\t\t<\/div>\n\t\t<\/section>\n\t\t\t\t<\/div>\n\t\t","protected":false},"excerpt":{"rendered":"<p>CUSTOMER EXPERIENCE The current experience that customers have with the organization is evaluated, identifying moments of pain that negatively affect the user experience. With validated problems, innovative solutions are developed that allow customers to enjoy fully satisfactory experiences. We support the design of new processes that ensure a positive experience for users. For more details&#8230;<\/p>\n","protected":false},"author":1,"featured_media":0,"parent":0,"menu_order":0,"comment_status":"closed","ping_status":"closed","template":"","meta":{"footnotes":""},"class_list":["post-13637","page","type-page","status-publish","hentry"],"_links":{"self":[{"href":"https:\/\/clientesdemo.cl\/innovacd\/wp-json\/wp\/v2\/pages\/13637","targetHints":{"allow":["GET"]}}],"collection":[{"href":"https:\/\/clientesdemo.cl\/innovacd\/wp-json\/wp\/v2\/pages"}],"about":[{"href":"https:\/\/clientesdemo.cl\/innovacd\/wp-json\/wp\/v2\/types\/page"}],"author":[{"embeddable":true,"href":"https:\/\/clientesdemo.cl\/innovacd\/wp-json\/wp\/v2\/users\/1"}],"replies":[{"embeddable":true,"href":"https:\/\/clientesdemo.cl\/innovacd\/wp-json\/wp\/v2\/comments?post=13637"}],"version-history":[{"count":30,"href":"https:\/\/clientesdemo.cl\/innovacd\/wp-json\/wp\/v2\/pages\/13637\/revisions"}],"predecessor-version":[{"id":16046,"href":"https:\/\/clientesdemo.cl\/innovacd\/wp-json\/wp\/v2\/pages\/13637\/revisions\/16046"}],"wp:attachment":[{"href":"https:\/\/clientesdemo.cl\/innovacd\/wp-json\/wp\/v2\/media?parent=13637"}],"curies":[{"name":"wp","href":"https:\/\/api.w.org\/{rel}","templated":true}]}}